{"id":14072,"date":"2026-03-20T03:29:52","date_gmt":"2026-03-20T03:29:52","guid":{"rendered":"https:\/\/quickexchange.shop\/?post_type=product&#038;p=14072"},"modified":"2026-03-20T03:36:20","modified_gmt":"2026-03-20T03:36:20","slug":"x9-handheld-game-console-5-5-inch-screen-supports-ten-emulators-ultra-hd-display-perfect-gift-for-kids-fathers-day","status":"publish","type":"product","link":"https:\/\/quickexchange.shop\/de\/produkt\/x9-handheld-game-console-5-5-inch-screen-supports-ten-emulators-ultra-hd-display-perfect-gift-for-kids-fathers-day\/","title":{"rendered":"X9 Handheld Game Console 5,5 Zoll Bildschirm, unterst\u00fctzt zehn Emulatoren, Ultra-HD Display, perfektes Geschenk f\u00fcr Kinder &amp; Vatertag"},"content":{"rendered":"<div data-elementor-type=\"product-post\" data-elementor-id=\"14072\" class=\"elementor elementor-14072\" data-elementor-post-type=\"product\">\n\t\t\t\t<div class=\"elementor-element elementor-element-6412d8dd e-flex e-con-boxed e-con e-parent\" data-id=\"6412d8dd\" data-element_type=\"container\" data-settings=\"{&quot;ekit_has_onepagescroll_dot&quot;:&quot;yes&quot;}\">\n\t\t\t\t\t<div class=\"e-con-inner\">\n\t\t<div class=\"elementor-element elementor-element-6cc9d415 e-grid e-con-full e-con e-child\" data-id=\"6cc9d415\" data-element_type=\"container\" data-settings=\"{&quot;ekit_has_onepagescroll_dot&quot;:&quot;yes&quot;}\">\n\t\t\t\t<div class=\"elementor-element elementor-element-790a718e elementor-position-top elementor-widget elementor-widget-image-box\" data-id=\"790a718e\" data-element_type=\"widget\" data-settings=\"{&quot;ekit_we_effect_on&quot;:&quot;none&quot;}\" data-widget_type=\"image-box.default\">\n\t\t\t\t<div class=\"elementor-widget-container\">\n\t\t\t\t\t<div class=\"elementor-image-box-wrapper\"><figure class=\"elementor-image-box-img\"><img loading=\"lazy\" decoding=\"async\" width=\"300\" height=\"300\" src=\"https:\/\/quickexchange.shop\/wp-content\/uploads\/2026\/03\/341f7313-9ad9-4d02-bf3b-b873d7556fb8.__CR00800800_PT0_SX300_V1___.jpg\" class=\"attachment-full size-full wp-image-14083 wvs-archive-product-image\" alt=\"\" srcset=\"https:\/\/quickexchange.shop\/wp-content\/uploads\/2026\/03\/341f7313-9ad9-4d02-bf3b-b873d7556fb8.__CR00800800_PT0_SX300_V1___.jpg 300w, https:\/\/quickexchange.shop\/wp-content\/uploads\/2026\/03\/341f7313-9ad9-4d02-bf3b-b873d7556fb8.__CR00800800_PT0_SX300_V1___-150x150.jpg 150w, https:\/\/quickexchange.shop\/wp-content\/uploads\/2026\/03\/341f7313-9ad9-4d02-bf3b-b873d7556fb8.__CR00800800_PT0_SX300_V1___-12x12.jpg 12w, https:\/\/quickexchange.shop\/wp-content\/uploads\/2026\/03\/341f7313-9ad9-4d02-bf3b-b873d7556fb8.__CR00800800_PT0_SX300_V1___-100x100.jpg 100w, https:\/\/quickexchange.shop\/wp-content\/uploads\/2026\/03\/341f7313-9ad9-4d02-bf3b-b873d7556fb8.__CR00800800_PT0_SX300_V1___-50x50.jpg 50w, https:\/\/quickexchange.shop\/wp-content\/uploads\/2026\/03\/341f7313-9ad9-4d02-bf3b-b873d7556fb8.__CR00800800_PT0_SX300_V1___-1x1.jpg 1w, https:\/\/quickexchange.shop\/wp-content\/uploads\/2026\/03\/341f7313-9ad9-4d02-bf3b-b873d7556fb8.__CR00800800_PT0_SX300_V1___-10x10.jpg 10w\" sizes=\"auto, (max-width: 300px) 100vw, 300px\" \/><\/figure><div class=\"elementor-image-box-content\"><h3 class=\"elementor-image-box-title\">Flaggschiff der visuellen Erfahrung<\/h3><p class=\"elementor-image-box-description\">Mit ihrem 5,5-Zoll-High-Definition-Bildschirm mit Augenschutz verbessert diese Handheld-Konsole die Farbs\u00e4ttigung um 50% und verwendet eine intelligente Helligkeitsanpassungstechnologie, um eine lebendigere und nat\u00fcrlichere Darstellung zu gew\u00e4hrleisten. Der gro\u00dfe Bildschirm sorgt f\u00fcr Augenkomfort und bietet gleichzeitig ein intensives Spielerlebnis f\u00fcr Handheld-Konsolen-Fans.<\/p><\/div><\/div>\t\t\t\t<\/div>\n\t\t\t\t<\/div>\n\t\t\t\t<div class=\"elementor-element elementor-element-4519c5e2 elementor-position-top elementor-widget elementor-widget-image-box\" data-id=\"4519c5e2\" data-element_type=\"widget\" data-settings=\"{&quot;ekit_we_effect_on&quot;:&quot;none&quot;}\" data-widget_type=\"image-box.default\">\n\t\t\t\t<div class=\"elementor-widget-container\">\n\t\t\t\t\t<div class=\"elementor-image-box-wrapper\"><figure class=\"elementor-image-box-img\"><img loading=\"lazy\" decoding=\"async\" width=\"300\" height=\"300\" src=\"https:\/\/quickexchange.shop\/wp-content\/uploads\/2026\/03\/b7791ac0-e2b4-42e7-a8be-5ab7c9893174.__CR0010011001_PT0_SX300_V1___.jpg\" class=\"attachment-full size-full wp-image-14084 wvs-archive-product-image\" alt=\"\" srcset=\"https:\/\/quickexchange.shop\/wp-content\/uploads\/2026\/03\/b7791ac0-e2b4-42e7-a8be-5ab7c9893174.__CR0010011001_PT0_SX300_V1___.jpg 300w, https:\/\/quickexchange.shop\/wp-content\/uploads\/2026\/03\/b7791ac0-e2b4-42e7-a8be-5ab7c9893174.__CR0010011001_PT0_SX300_V1___-150x150.jpg 150w, https:\/\/quickexchange.shop\/wp-content\/uploads\/2026\/03\/b7791ac0-e2b4-42e7-a8be-5ab7c9893174.__CR0010011001_PT0_SX300_V1___-12x12.jpg 12w, https:\/\/quickexchange.shop\/wp-content\/uploads\/2026\/03\/b7791ac0-e2b4-42e7-a8be-5ab7c9893174.__CR0010011001_PT0_SX300_V1___-100x100.jpg 100w, https:\/\/quickexchange.shop\/wp-content\/uploads\/2026\/03\/b7791ac0-e2b4-42e7-a8be-5ab7c9893174.__CR0010011001_PT0_SX300_V1___-50x50.jpg 50w, https:\/\/quickexchange.shop\/wp-content\/uploads\/2026\/03\/b7791ac0-e2b4-42e7-a8be-5ab7c9893174.__CR0010011001_PT0_SX300_V1___-1x1.jpg 1w, https:\/\/quickexchange.shop\/wp-content\/uploads\/2026\/03\/b7791ac0-e2b4-42e7-a8be-5ab7c9893174.__CR0010011001_PT0_SX300_V1___-10x10.jpg 10w\" sizes=\"auto, (max-width: 300px) 100vw, 300px\" \/><\/figure><div class=\"elementor-image-box-content\"><h3 class=\"elementor-image-box-title\">Verbesserte Leistung<\/h3><p class=\"elementor-image-box-description\">Dieser Handheld-Gameplayer, der mit dem neuesten Flaggschiff-Gaming-Chip ausgestattet ist, steigert die Leistung und Laufruhe um mehr als 80%, wodurch Verz\u00f6gerungen bei der Steuerung vollst\u00e4ndig eliminiert werden. Mit 9 integrierten Emulatoren f\u00fcr klassische Spiele ist er perfekt f\u00fcr Fans von Retro-Videospielen, die Arcade- und Retro-Gaming-Klassiker m\u00fchelos nachspielen m\u00f6chten.<\/p><\/div><\/div>\t\t\t\t<\/div>\n\t\t\t\t<\/div>\n\t\t\t\t<div class=\"elementor-element elementor-element-139fa5d9 elementor-position-top elementor-widget elementor-widget-image-box\" data-id=\"139fa5d9\" data-element_type=\"widget\" data-settings=\"{&quot;ekit_we_effect_on&quot;:&quot;none&quot;}\" data-widget_type=\"image-box.default\">\n\t\t\t\t<div class=\"elementor-widget-container\">\n\t\t\t\t\t<div class=\"elementor-image-box-wrapper\"><figure class=\"elementor-image-box-img\"><img loading=\"lazy\" decoding=\"async\" width=\"300\" height=\"300\" src=\"https:\/\/quickexchange.shop\/wp-content\/uploads\/2026\/03\/30e6bf03-bf20-49ea-be53-4f80c2139ecf.__CR00800800_PT0_SX300_V1___.jpg\" class=\"attachment-full size-full wp-image-14085 wvs-archive-product-image\" alt=\"\" srcset=\"https:\/\/quickexchange.shop\/wp-content\/uploads\/2026\/03\/30e6bf03-bf20-49ea-be53-4f80c2139ecf.__CR00800800_PT0_SX300_V1___.jpg 300w, https:\/\/quickexchange.shop\/wp-content\/uploads\/2026\/03\/30e6bf03-bf20-49ea-be53-4f80c2139ecf.__CR00800800_PT0_SX300_V1___-150x150.jpg 150w, https:\/\/quickexchange.shop\/wp-content\/uploads\/2026\/03\/30e6bf03-bf20-49ea-be53-4f80c2139ecf.__CR00800800_PT0_SX300_V1___-12x12.jpg 12w, https:\/\/quickexchange.shop\/wp-content\/uploads\/2026\/03\/30e6bf03-bf20-49ea-be53-4f80c2139ecf.__CR00800800_PT0_SX300_V1___-100x100.jpg 100w, https:\/\/quickexchange.shop\/wp-content\/uploads\/2026\/03\/30e6bf03-bf20-49ea-be53-4f80c2139ecf.__CR00800800_PT0_SX300_V1___-50x50.jpg 50w, https:\/\/quickexchange.shop\/wp-content\/uploads\/2026\/03\/30e6bf03-bf20-49ea-be53-4f80c2139ecf.__CR00800800_PT0_SX300_V1___-1x1.jpg 1w, https:\/\/quickexchange.shop\/wp-content\/uploads\/2026\/03\/30e6bf03-bf20-49ea-be53-4f80c2139ecf.__CR00800800_PT0_SX300_V1___-10x10.jpg 10w\" sizes=\"auto, (max-width: 300px) 100vw, 300px\" \/><\/figure><div class=\"elementor-image-box-content\"><h3 class=\"elementor-image-box-title\">Funktions\u00fcbergreifendes Unterhaltungsterminal<\/h3><p class=\"elementor-image-box-description\">Dieser Retro-Videogame-Player geht weit \u00fcber herk\u00f6mmliche Spielkonsolen hinaus und verf\u00fcgt \u00fcber intelligente E-Book-Lesefunktionen, die das Lesen von TXT-Formaten, die Speicherung von Lesezeichen und die Multitasking-Hintergrundmusikwiedergabe unterst\u00fctzen. Das klavierlackierte Geh\u00e4use verbindet E-Sport-\u00c4sthetik mit moderner Technologie.<\/p><\/div><\/div>\t\t\t\t<\/div>\n\t\t\t\t<\/div>\n\t\t\t\t<\/div>\n\t\t\t\t<div class=\"elementor-element elementor-element-395332d9 elementor-widget elementor-widget-image\" data-id=\"395332d9\" data-element_type=\"widget\" data-settings=\"{&quot;ekit_we_effect_on&quot;:&quot;none&quot;}\" data-widget_type=\"image.default\">\n\t\t\t\t<div class=\"elementor-widget-container\">\n\t\t\t\t\t\t\t\t\t\t\t\t\t\t\t<img loading=\"lazy\" decoding=\"async\" width=\"790\" height=\"1396\" src=\"https:\/\/quickexchange.shop\/wp-content\/uploads\/2026\/03\/1-21.webp\" class=\"attachment-full size-full wp-image-14086 wvs-archive-product-image\" alt=\"\" srcset=\"https:\/\/quickexchange.shop\/wp-content\/uploads\/2026\/03\/1-21.webp 790w, https:\/\/quickexchange.shop\/wp-content\/uploads\/2026\/03\/1-21-170x300.webp 170w, https:\/\/quickexchange.shop\/wp-content\/uploads\/2026\/03\/1-21-579x1024.webp 579w, https:\/\/quickexchange.shop\/wp-content\/uploads\/2026\/03\/1-21-768x1357.webp 768w, https:\/\/quickexchange.shop\/wp-content\/uploads\/2026\/03\/1-21-7x12.webp 7w, https:\/\/quickexchange.shop\/wp-content\/uploads\/2026\/03\/1-21-600x1060.webp 600w, https:\/\/quickexchange.shop\/wp-content\/uploads\/2026\/03\/1-21-1x1.webp 1w, https:\/\/quickexchange.shop\/wp-content\/uploads\/2026\/03\/1-21-6x10.webp 6w\" sizes=\"auto, (max-width: 790px) 100vw, 790px\" \/>\t\t\t\t\t\t\t\t\t\t\t\t\t\t\t<\/div>\n\t\t\t\t<\/div>\n\t\t\t\t<div class=\"elementor-element elementor-element-2cb7ac44 elementor-widget elementor-widget-image\" data-id=\"2cb7ac44\" data-element_type=\"widget\" data-settings=\"{&quot;ekit_we_effect_on&quot;:&quot;none&quot;}\" data-widget_type=\"image.default\">\n\t\t\t\t<div class=\"elementor-widget-container\">\n\t\t\t\t\t\t\t\t\t\t\t\t\t\t\t<img loading=\"lazy\" decoding=\"async\" width=\"790\" height=\"1276\" src=\"https:\/\/quickexchange.shop\/wp-content\/uploads\/2026\/03\/2-23.webp\" class=\"attachment-full size-full wp-image-14087 wvs-archive-product-image\" alt=\"\" srcset=\"https:\/\/quickexchange.shop\/wp-content\/uploads\/2026\/03\/2-23.webp 790w, https:\/\/quickexchange.shop\/wp-content\/uploads\/2026\/03\/2-23-186x300.webp 186w, https:\/\/quickexchange.shop\/wp-content\/uploads\/2026\/03\/2-23-634x1024.webp 634w, https:\/\/quickexchange.shop\/wp-content\/uploads\/2026\/03\/2-23-768x1240.webp 768w, https:\/\/quickexchange.shop\/wp-content\/uploads\/2026\/03\/2-23-7x12.webp 7w, https:\/\/quickexchange.shop\/wp-content\/uploads\/2026\/03\/2-23-600x969.webp 600w, https:\/\/quickexchange.shop\/wp-content\/uploads\/2026\/03\/2-23-1x1.webp 1w, https:\/\/quickexchange.shop\/wp-content\/uploads\/2026\/03\/2-23-6x10.webp 6w\" sizes=\"auto, (max-width: 790px) 100vw, 790px\" \/>\t\t\t\t\t\t\t\t\t\t\t\t\t\t\t<\/div>\n\t\t\t\t<\/div>\n\t\t\t\t<div class=\"elementor-element elementor-element-64ee7e00 elementor-widget elementor-widget-image\" data-id=\"64ee7e00\" data-element_type=\"widget\" data-settings=\"{&quot;ekit_we_effect_on&quot;:&quot;none&quot;}\" data-widget_type=\"image.default\">\n\t\t\t\t<div class=\"elementor-widget-container\">\n\t\t\t\t\t\t\t\t\t\t\t\t\t\t\t<img loading=\"lazy\" decoding=\"async\" width=\"790\" height=\"1175\" src=\"https:\/\/quickexchange.shop\/wp-content\/uploads\/2026\/03\/3-24.webp\" class=\"attachment-full size-full wp-image-14088 wvs-archive-product-image\" alt=\"\" srcset=\"https:\/\/quickexchange.shop\/wp-content\/uploads\/2026\/03\/3-24.webp 790w, https:\/\/quickexchange.shop\/wp-content\/uploads\/2026\/03\/3-24-202x300.webp 202w, https:\/\/quickexchange.shop\/wp-content\/uploads\/2026\/03\/3-24-688x1024.webp 688w, https:\/\/quickexchange.shop\/wp-content\/uploads\/2026\/03\/3-24-768x1142.webp 768w, https:\/\/quickexchange.shop\/wp-content\/uploads\/2026\/03\/3-24-8x12.webp 8w, https:\/\/quickexchange.shop\/wp-content\/uploads\/2026\/03\/3-24-600x892.webp 600w, https:\/\/quickexchange.shop\/wp-content\/uploads\/2026\/03\/3-24-1x1.webp 1w, https:\/\/quickexchange.shop\/wp-content\/uploads\/2026\/03\/3-24-7x10.webp 7w\" sizes=\"auto, (max-width: 790px) 100vw, 790px\" \/>\t\t\t\t\t\t\t\t\t\t\t\t\t\t\t<\/div>\n\t\t\t\t<\/div>\n\t\t\t\t<div class=\"elementor-element elementor-element-464619a7 elementor-widget elementor-widget-image\" data-id=\"464619a7\" data-element_type=\"widget\" data-settings=\"{&quot;ekit_we_effect_on&quot;:&quot;none&quot;}\" data-widget_type=\"image.default\">\n\t\t\t\t<div class=\"elementor-widget-container\">\n\t\t\t\t\t\t\t\t\t\t\t\t\t\t\t<img loading=\"lazy\" decoding=\"async\" width=\"790\" height=\"1443\" src=\"https:\/\/quickexchange.shop\/wp-content\/uploads\/2026\/03\/4-21.webp\" class=\"attachment-full size-full wp-image-14089 wvs-archive-product-image\" alt=\"\" srcset=\"https:\/\/quickexchange.shop\/wp-content\/uploads\/2026\/03\/4-21.webp 790w, https:\/\/quickexchange.shop\/wp-content\/uploads\/2026\/03\/4-21-164x300.webp 164w, https:\/\/quickexchange.shop\/wp-content\/uploads\/2026\/03\/4-21-561x1024.webp 561w, https:\/\/quickexchange.shop\/wp-content\/uploads\/2026\/03\/4-21-768x1403.webp 768w, https:\/\/quickexchange.shop\/wp-content\/uploads\/2026\/03\/4-21-7x12.webp 7w, https:\/\/quickexchange.shop\/wp-content\/uploads\/2026\/03\/4-21-600x1096.webp 600w, https:\/\/quickexchange.shop\/wp-content\/uploads\/2026\/03\/4-21-1x1.webp 1w, https:\/\/quickexchange.shop\/wp-content\/uploads\/2026\/03\/4-21-5x10.webp 5w\" sizes=\"auto, (max-width: 790px) 100vw, 790px\" \/>\t\t\t\t\t\t\t\t\t\t\t\t\t\t\t<\/div>\n\t\t\t\t<\/div>\n\t\t\t\t<div class=\"elementor-element elementor-element-1e0571b6 elementor-widget elementor-widget-image\" data-id=\"1e0571b6\" data-element_type=\"widget\" data-settings=\"{&quot;ekit_we_effect_on&quot;:&quot;none&quot;}\" data-widget_type=\"image.default\">\n\t\t\t\t<div class=\"elementor-widget-container\">\n\t\t\t\t\t\t\t\t\t\t\t\t\t\t\t<img loading=\"lazy\" decoding=\"async\" width=\"790\" height=\"1325\" src=\"https:\/\/quickexchange.shop\/wp-content\/uploads\/2026\/03\/5-20.webp\" class=\"attachment-full size-full wp-image-14090 wvs-archive-product-image\" alt=\"\" srcset=\"https:\/\/quickexchange.shop\/wp-content\/uploads\/2026\/03\/5-20.webp 790w, https:\/\/quickexchange.shop\/wp-content\/uploads\/2026\/03\/5-20-179x300.webp 179w, https:\/\/quickexchange.shop\/wp-content\/uploads\/2026\/03\/5-20-611x1024.webp 611w, https:\/\/quickexchange.shop\/wp-content\/uploads\/2026\/03\/5-20-768x1288.webp 768w, https:\/\/quickexchange.shop\/wp-content\/uploads\/2026\/03\/5-20-7x12.webp 7w, https:\/\/quickexchange.shop\/wp-content\/uploads\/2026\/03\/5-20-600x1006.webp 600w, https:\/\/quickexchange.shop\/wp-content\/uploads\/2026\/03\/5-20-1x1.webp 1w, https:\/\/quickexchange.shop\/wp-content\/uploads\/2026\/03\/5-20-6x10.webp 6w\" sizes=\"auto, (max-width: 790px) 100vw, 790px\" \/>\t\t\t\t\t\t\t\t\t\t\t\t\t\t\t<\/div>\n\t\t\t\t<\/div>\n\t\t\t\t<div class=\"elementor-element elementor-element-3372a7e4 elementor-widget elementor-widget-image\" data-id=\"3372a7e4\" data-element_type=\"widget\" data-settings=\"{&quot;ekit_we_effect_on&quot;:&quot;none&quot;}\" data-widget_type=\"image.default\">\n\t\t\t\t<div class=\"elementor-widget-container\">\n\t\t\t\t\t\t\t\t\t\t\t\t\t\t\t<img loading=\"lazy\" decoding=\"async\" width=\"790\" height=\"1309\" src=\"https:\/\/quickexchange.shop\/wp-content\/uploads\/2026\/03\/6-21.webp\" class=\"attachment-full size-full wp-image-14091 wvs-archive-product-image\" alt=\"\" srcset=\"https:\/\/quickexchange.shop\/wp-content\/uploads\/2026\/03\/6-21.webp 790w, https:\/\/quickexchange.shop\/wp-content\/uploads\/2026\/03\/6-21-181x300.webp 181w, https:\/\/quickexchange.shop\/wp-content\/uploads\/2026\/03\/6-21-618x1024.webp 618w, https:\/\/quickexchange.shop\/wp-content\/uploads\/2026\/03\/6-21-768x1273.webp 768w, https:\/\/quickexchange.shop\/wp-content\/uploads\/2026\/03\/6-21-7x12.webp 7w, https:\/\/quickexchange.shop\/wp-content\/uploads\/2026\/03\/6-21-600x994.webp 600w, https:\/\/quickexchange.shop\/wp-content\/uploads\/2026\/03\/6-21-1x1.webp 1w, https:\/\/quickexchange.shop\/wp-content\/uploads\/2026\/03\/6-21-6x10.webp 6w\" sizes=\"auto, (max-width: 790px) 100vw, 790px\" \/>\t\t\t\t\t\t\t\t\t\t\t\t\t\t\t<\/div>\n\t\t\t\t<\/div>\n\t\t\t\t<div class=\"elementor-element elementor-element-9bc75e elementor-widget elementor-widget-image\" data-id=\"9bc75e\" data-element_type=\"widget\" data-settings=\"{&quot;ekit_we_effect_on&quot;:&quot;none&quot;}\" data-widget_type=\"image.default\">\n\t\t\t\t<div class=\"elementor-widget-container\">\n\t\t\t\t\t\t\t\t\t\t\t\t\t\t\t<img loading=\"lazy\" decoding=\"async\" width=\"790\" height=\"1280\" src=\"https:\/\/quickexchange.shop\/wp-content\/uploads\/2026\/03\/7-14.webp\" class=\"attachment-full size-full wp-image-14092 wvs-archive-product-image\" alt=\"\" srcset=\"https:\/\/quickexchange.shop\/wp-content\/uploads\/2026\/03\/7-14.webp 790w, https:\/\/quickexchange.shop\/wp-content\/uploads\/2026\/03\/7-14-185x300.webp 185w, https:\/\/quickexchange.shop\/wp-content\/uploads\/2026\/03\/7-14-632x1024.webp 632w, https:\/\/quickexchange.shop\/wp-content\/uploads\/2026\/03\/7-14-768x1244.webp 768w, https:\/\/quickexchange.shop\/wp-content\/uploads\/2026\/03\/7-14-7x12.webp 7w, https:\/\/quickexchange.shop\/wp-content\/uploads\/2026\/03\/7-14-600x972.webp 600w, https:\/\/quickexchange.shop\/wp-content\/uploads\/2026\/03\/7-14-1x1.webp 1w, https:\/\/quickexchange.shop\/wp-content\/uploads\/2026\/03\/7-14-6x10.webp 6w\" sizes=\"auto, (max-width: 790px) 100vw, 790px\" \/>\t\t\t\t\t\t\t\t\t\t\t\t\t\t\t<\/div>\n\t\t\t\t<\/div>\n\t\t\t\t<div class=\"elementor-element elementor-element-6681fe3e elementor-widget elementor-widget-image\" data-id=\"6681fe3e\" data-element_type=\"widget\" data-settings=\"{&quot;ekit_we_effect_on&quot;:&quot;none&quot;}\" data-widget_type=\"image.default\">\n\t\t\t\t<div class=\"elementor-widget-container\">\n\t\t\t\t\t\t\t\t\t\t\t\t\t\t\t<img loading=\"lazy\" decoding=\"async\" width=\"790\" height=\"1293\" src=\"https:\/\/quickexchange.shop\/wp-content\/uploads\/2026\/03\/8-12.webp\" class=\"attachment-full size-full wp-image-14093 wvs-archive-product-image\" alt=\"\" srcset=\"https:\/\/quickexchange.shop\/wp-content\/uploads\/2026\/03\/8-12.webp 790w, https:\/\/quickexchange.shop\/wp-content\/uploads\/2026\/03\/8-12-183x300.webp 183w, https:\/\/quickexchange.shop\/wp-content\/uploads\/2026\/03\/8-12-626x1024.webp 626w, https:\/\/quickexchange.shop\/wp-content\/uploads\/2026\/03\/8-12-768x1257.webp 768w, https:\/\/quickexchange.shop\/wp-content\/uploads\/2026\/03\/8-12-7x12.webp 7w, https:\/\/quickexchange.shop\/wp-content\/uploads\/2026\/03\/8-12-600x982.webp 600w, https:\/\/quickexchange.shop\/wp-content\/uploads\/2026\/03\/8-12-1x1.webp 1w, https:\/\/quickexchange.shop\/wp-content\/uploads\/2026\/03\/8-12-6x10.webp 6w\" sizes=\"auto, (max-width: 790px) 100vw, 790px\" \/>\t\t\t\t\t\t\t\t\t\t\t\t\t\t\t<\/div>\n\t\t\t\t<\/div>\n\t\t\t\t<div class=\"elementor-element elementor-element-77f8fe90 elementor-widget elementor-widget-image\" data-id=\"77f8fe90\" data-element_type=\"widget\" data-settings=\"{&quot;ekit_we_effect_on&quot;:&quot;none&quot;}\" data-widget_type=\"image.default\">\n\t\t\t\t<div class=\"elementor-widget-container\">\n\t\t\t\t\t\t\t\t\t\t\t\t\t\t\t<img loading=\"lazy\" decoding=\"async\" width=\"790\" height=\"1144\" src=\"https:\/\/quickexchange.shop\/wp-content\/uploads\/2026\/03\/9-13.webp\" class=\"attachment-full size-full wp-image-14094 wvs-archive-product-image\" alt=\"\" srcset=\"https:\/\/quickexchange.shop\/wp-content\/uploads\/2026\/03\/9-13.webp 790w, https:\/\/quickexchange.shop\/wp-content\/uploads\/2026\/03\/9-13-207x300.webp 207w, https:\/\/quickexchange.shop\/wp-content\/uploads\/2026\/03\/9-13-707x1024.webp 707w, https:\/\/quickexchange.shop\/wp-content\/uploads\/2026\/03\/9-13-768x1112.webp 768w, https:\/\/quickexchange.shop\/wp-content\/uploads\/2026\/03\/9-13-8x12.webp 8w, https:\/\/quickexchange.shop\/wp-content\/uploads\/2026\/03\/9-13-600x869.webp 600w, https:\/\/quickexchange.shop\/wp-content\/uploads\/2026\/03\/9-13-1x1.webp 1w, https:\/\/quickexchange.shop\/wp-content\/uploads\/2026\/03\/9-13-7x10.webp 7w\" sizes=\"auto, (max-width: 790px) 100vw, 790px\" \/>\t\t\t\t\t\t\t\t\t\t\t\t\t\t\t<\/div>\n\t\t\t\t<\/div>\n\t\t\t\t<div class=\"elementor-element elementor-element-49a5d729 elementor-widget elementor-widget-image\" data-id=\"49a5d729\" data-element_type=\"widget\" data-settings=\"{&quot;ekit_we_effect_on&quot;:&quot;none&quot;}\" data-widget_type=\"image.default\">\n\t\t\t\t<div class=\"elementor-widget-container\">\n\t\t\t\t\t\t\t\t\t\t\t\t\t\t\t<img loading=\"lazy\" decoding=\"async\" width=\"790\" height=\"1346\" src=\"https:\/\/quickexchange.shop\/wp-content\/uploads\/2026\/03\/10-8.webp\" class=\"attachment-full size-full wp-image-14095 wvs-archive-product-image\" alt=\"\" srcset=\"https:\/\/quickexchange.shop\/wp-content\/uploads\/2026\/03\/10-8.webp 790w, https:\/\/quickexchange.shop\/wp-content\/uploads\/2026\/03\/10-8-176x300.webp 176w, https:\/\/quickexchange.shop\/wp-content\/uploads\/2026\/03\/10-8-601x1024.webp 601w, https:\/\/quickexchange.shop\/wp-content\/uploads\/2026\/03\/10-8-768x1309.webp 768w, https:\/\/quickexchange.shop\/wp-content\/uploads\/2026\/03\/10-8-7x12.webp 7w, https:\/\/quickexchange.shop\/wp-content\/uploads\/2026\/03\/10-8-600x1022.webp 600w, https:\/\/quickexchange.shop\/wp-content\/uploads\/2026\/03\/10-8-1x1.webp 1w, https:\/\/quickexchange.shop\/wp-content\/uploads\/2026\/03\/10-8-6x10.webp 6w\" sizes=\"auto, (max-width: 790px) 100vw, 790px\" \/>\t\t\t\t\t\t\t\t\t\t\t\t\t\t\t<\/div>\n\t\t\t\t<\/div>\n\t\t\t\t<div class=\"elementor-element elementor-element-7c4a5a3 elementor-widget elementor-widget-text-editor\" data-id=\"7c4a5a3\" data-element_type=\"widget\" data-settings=\"{&quot;ekit_we_effect_on&quot;:&quot;none&quot;}\" data-widget_type=\"text-editor.default\">\n\t\t\t\t<div class=\"elementor-widget-container\">\n\t\t\t\t\t\t\t\t\t<table class=\"specs-table\">\n    <tr>\n        <td>Details<\/td>\n        <td><\/td>\n    <\/tr>\n    <tr>\n        <td>Inklusive Stromanschluss<\/td>\n        <td><span class=\"yes-badge\">S\u00cd<\/span><\/td>\n    <\/tr>\n    <tr>\n        <td>Qualitatives Produkt von hoher Wichtigkeit<\/td>\n        <td><span class=\"none-badge\">Ninguno<\/span><\/td>\n    <\/tr>\n    <tr>\n        <td>Art der Spiele<\/td>\n        <td><span class=\"game-type-badge\">RPG<\/span><\/td>\n    <\/tr>\n    <tr>\n        <td>Eingeschlossene Spiele<\/td>\n        <td><span class=\"games-count-badge\">6000<\/span><\/td>\n    <\/tr>\n    <tr>\n        <td>Categor\u00eda<\/td>\n        <td><span class=\"category-badge\">Tragbare Konsolen f\u00fcr Videoger\u00e4te<\/span><\/td>\n    <\/tr>\n    <tr>\n        <td>Aufl\u00f6sung des Bildschirms<\/td>\n        <td><span class=\"resolution-badge\">800 por 480<\/span><\/td>\n    <\/tr>\n<\/table>\n\n<style>\n    .specs-table {\n        width: 100%;\n        border-collapse: collapse;\n        font-family: 'Segoe UI', Arial, sans-serif;\n        font-size: 14px;\n    }\n    .specs-table tr {\n        border-bottom: 1px solid #e0e0e0;\n    }\n    .specs-table td {\n        padding: 12px 0;\n        text-align: left;\n        vertical-align: top;\n    }\n    .specs-table td:first-child {\n        font-weight: 600;\n        width: 40%;\n        color: #2c3e50;\n    }\n    .specs-table td:last-child {\n        width: 60%;\n    }\n    .yes-badge {\n        background-color: #e8f5e9;\n        color: #2e7d32;\n        padding: 8px 16px;\n        border-radius: 4px;\n        font-weight: 700;\n        text-transform: uppercase;\n        display: inline-block;\n        border: 1px solid #c8e6c9;\n    }\n    .none-badge {\n        background-color: #f5f5f5;\n        color: #757575;\n        padding: 8px 16px;\n        border-radius: 4px;\n        font-style: italic;\n        display: inline-block;\n        border: 1px solid #e0e0e0;\n    }\n    .game-type-badge {\n        background-color: #e3f2fd;\n        color: #1565c0;\n        padding: 8px 16px;\n        border-radius: 4px;\n        font-weight: 600;\n        text-transform: uppercase;\n        display: inline-block;\n        border: 1px solid #bbdefb;\n    }\n    .games-count-badge {\n        background-color: #f3e5f5;\n        color: #7b1fa2;\n        padding: 8px 16px;\n        border-radius: 4px;\n        font-weight: 700;\n        font-size: 16px;\n        display: inline-block;\n        border: 1px solid #e1bee7;\n    }\n    .category-badge {\n        background-color: #e8f5e9;\n        color: #2e7d32;\n        padding: 8px 16px;\n        border-radius: 4px;\n        font-weight: 600;\n        display: inline-block;\n        border: 1px solid #c8e6c9;\n    }\n    .resolution-badge {\n        background-color: #fff8e1;\n        color: #ff8f00;\n        padding: 8px 16px;\n        border-radius: 4px;\n        font-weight: 600;\n        font-family: 'Consolas', monospace;\n        display: inline-block;\n        border: 1px solid #ffecb3;\n    }\n<\/style>\t\t\t\t\t\t\t\t<\/div>\n\t\t\t\t<\/div>\n\t\t\t\t\t<\/div>\n\t\t\t\t<\/div>\n\t\t\t\t<\/div>","protected":false},"excerpt":{"rendered":"<p>Flagship Visual Experience Featuring a 5.5-inch high-definition eye-protection screen, this handheld game console enhances color saturation by 50% and uses&#8230;<\/p>","protected":false},"featured_media":14073,"comment_status":"open","ping_status":"closed","template":"","meta":{"_acf_changed":false},"etheme_brands":[],"product_brand":[],"product_cat":[118],"product_tag":[],"class_list":{"0":"post-14072","1":"product","2":"type-product","3":"status-publish","4":"has-post-thumbnail","6":"product_cat-sale-shop","8":"first","9":"instock","10":"sale","11":"shipping-taxable","12":"purchasable","13":"product-type-simple"},"acf":[],"_links":{"self":[{"href":"https:\/\/quickexchange.shop\/de\/wp-json\/wp\/v2\/product\/14072","targetHints":{"allow":["GET"]}}],"collection":[{"href":"https:\/\/quickexchange.shop\/de\/wp-json\/wp\/v2\/product"}],"about":[{"href":"https:\/\/quickexchange.shop\/de\/wp-json\/wp\/v2\/types\/product"}],"replies":[{"embeddable":true,"href":"https:\/\/quickexchange.shop\/de\/wp-json\/wp\/v2\/comments?post=14072"}],"version-history":[{"count":4,"href":"https:\/\/quickexchange.shop\/de\/wp-json\/wp\/v2\/product\/14072\/revisions"}],"predecessor-version":[{"id":14103,"href":"https:\/\/quickexchange.shop\/de\/wp-json\/wp\/v2\/product\/14072\/revisions\/14103"}],"wp:featuredmedia":[{"embeddable":true,"href":"https:\/\/quickexchange.shop\/de\/wp-json\/wp\/v2\/media\/14073"}],"wp:attachment":[{"href":"https:\/\/quickexchange.shop\/de\/wp-json\/wp\/v2\/media?parent=14072"}],"wp:term":[{"taxonomy":"brand","embeddable":true,"href":"https:\/\/quickexchange.shop\/de\/wp-json\/wp\/v2\/etheme_brands?post=14072"},{"taxonomy":"product_brand","embeddable":true,"href":"https:\/\/quickexchange.shop\/de\/wp-json\/wp\/v2\/product_brand?post=14072"},{"taxonomy":"product_cat","embeddable":true,"href":"https:\/\/quickexchange.shop\/de\/wp-json\/wp\/v2\/product_cat?post=14072"},{"taxonomy":"product_tag","embeddable":true,"href":"https:\/\/quickexchange.shop\/de\/wp-json\/wp\/v2\/product_tag?post=14072"}],"curies":[{"name":"wp","href":"https:\/\/api.w.org\/{rel}","templated":true}]}}